{"id":32,"date":"2025-01-16T23:42:22","date_gmt":"2025-01-16T23:42:22","guid":{"rendered":"https:\/\/multipurpose37.ziptemplates.top\/?page_id=32"},"modified":"2025-01-30T02:24:00","modified_gmt":"2025-01-30T02:24:00","slug":"about","status":"publish","type":"page","link":"https:\/\/host.rentinpr.com\/es\/about\/","title":{"rendered":"Acerca de"},"content":{"rendered":"<div class=\"wp-block-uagb-container uagb-block-cd2bf25d alignfull uagb-is-root-container\"><div class=\"uagb-container-inner-blocks-wrap\">\n<div class=\"wp-block-uagb-advanced-heading uagb-block-26b518ac\"><p class=\"uagb-desc-text\">Transformando alquileres<\/p><h1 class=\"uagb-heading-text\">Su socio para el \u00e9xito en alquileres a corto plazo<\/h1><\/div>\n<\/div><\/div>\n\n\n\n<div class=\"wp-block-uagb-container uagb-block-d9a6699b alignfull uagb-is-root-container\"><div class=\"uagb-container-inner-blocks-wrap\">\n<div class=\"wp-block-uagb-container uagb-block-2a0810e6\">\n<div class=\"wp-block-uagb-advanced-heading uagb-block-9ba080a1\"><p class=\"uagb-desc-text\">Quienes somos<\/p><h2 class=\"uagb-heading-text\">Ofreciendo a los propietarios una gesti\u00f3n sin complicaciones<\/h2><\/div>\n\n\n\n<div class=\"wp-block-uagb-advanced-heading uagb-block-f12469fe\"><p class=\"uagb-heading-text\">At <strong><a href=\"https:\/\/host.rentinpr.com\/es\/\" data-type=\"page\" data-id=\"31\">RentInPr.com<\/a><\/strong>, we specialize in transforming properties in <a href=\"https:\/\/host.rentinpr.com\/es\/contact\/\" data-type=\"page\" data-id=\"36\">Puerto Rico<\/a> into high-performing short-term rentals. Our comprehensive management service handles every aspect, including professional marketing, guest communication, cleaning, and maintenance. With over 500 properties under management across top destinations, we guarantee our clients higher earnings without the stress of day-to-day operations.<br><\/p><p class=\"uagb-desc-text\">Our expert team uses dynamic pricing strategies and market insights to ensure properties achieve optimal occupancy and profitability. We\u2019re committed to providing property owners with a worry-free experience, allowing them to enjoy the financial benefits of short-term rentals while we take care of everything else. With <strong><a href=\"https:\/\/host.rentinpr.com\/es\/contact\/\" data-type=\"page\" data-id=\"36\">RentInPr.com<\/a><\/strong>, success is simple, scalable, and secure.<\/p><\/div>\n<\/div>\n\n\n\n<div class=\"wp-block-uagb-image uagb-block-aa6e155d wp-block-uagb-image--layout-default wp-block-uagb-image--effect-static wp-block-uagb-image--align-none\"><figure class=\"wp-block-uagb-image__figure\"><img loading=\"lazy\" decoding=\"async\" srcset=\"https:\/\/host.rentinpr.com\/wp-content\/uploads\/2025\/01\/a-wooden-themed-bedroom-with-folded-white-robes-on-bed-9582421-1024x682.jpeg ,https:\/\/host.rentinpr.com\/wp-content\/uploads\/2025\/01\/a-wooden-themed-bedroom-with-folded-white-robes-on-bed-9582421.jpeg 780w, https:\/\/host.rentinpr.com\/wp-content\/uploads\/2025\/01\/a-wooden-themed-bedroom-with-folded-white-robes-on-bed-9582421.jpeg 360w\" sizes=\"auto, (max-width: 480px) 150px\" src=\"https:\/\/host.rentinpr.com\/wp-content\/uploads\/2025\/01\/a-wooden-themed-bedroom-with-folded-white-robes-on-bed-9582421-1024x682.jpeg\" alt=\"Bright minimalist bedroom with large windows, wooden walls, and a cozy bed, offering a peaceful retreat.\" class=\"uag-image-236\" width=\"1200\" height=\"450\" title=\"a-wooden-themed-bedroom-with-folded-white-robes-on-bed-9582421\" role=\"img\"\/><\/figure><\/div>\n\n\n\n<div class=\"wp-block-uagb-container uagb-block-34df9393\">\n<div class=\"wp-block-uagb-container uagb-block-cf29644c\">\n<div class=\"wp-block-uagb-advanced-heading uagb-block-ebb1536b\"><h3 class=\"uagb-heading-text\">Misi\u00f3n<\/h3><p class=\"uagb-desc-text\">Proporcionar soluciones de administraci\u00f3n de propiedades sin esfuerzo y con servicio completo que maximicen los ingresos de los propietarios y minimicen su tiempo, esfuerzo y riesgo.<\/p><\/div>\n<\/div>\n\n\n\n<div class=\"wp-block-uagb-container uagb-block-73a726e4\">\n<div class=\"wp-block-uagb-advanced-heading uagb-block-414c8d9f\"><h3 class=\"uagb-heading-text\">Visi\u00f3n<\/h3><p class=\"uagb-desc-text\">Ser la plataforma l\u00edder en Puerto Rico para la gesti\u00f3n de alquileres a corto plazo, ofreciendo soluciones confiables, rentables y sin estr\u00e9s a los propietarios de propiedades en todo el mundo.<\/p><\/div>\n<\/div>\n\n\n\n<div class=\"wp-block-uagb-container uagb-block-8f052846\">\n<div class=\"wp-block-uagb-advanced-heading uagb-block-4bbdd7d2\"><h3 class=\"uagb-heading-text\">Valor<\/h3><p class=\"uagb-desc-text\">Ser la plataforma l\u00edder en Puerto Rico para la gesti\u00f3n de alquileres a corto plazo, ofreciendo soluciones confiables, rentables y sin estr\u00e9s a los propietarios de propiedades en todo el mundo.<\/p><\/div>\n<\/div>\n<\/div>\n<\/div><\/div>\n\n\n\n<div class=\"wp-block-uagb-container uagb-layout-grid uagb-block-6dd98696 alignfull uagb-is-root-container\"><div class=\"uagb-container-inner-blocks-wrap\">\n<div class=\"wp-block-uagb-image uagb-block-424e1e01 wp-block-uagb-image--layout-default wp-block-uagb-image--effect-static wp-block-uagb-image--align-none\"><figure class=\"wp-block-uagb-image__figure\"><img loading=\"lazy\" decoding=\"async\" srcset=\"https:\/\/host.rentinpr.com\/wp-content\/uploads\/2025\/01\/black-wooden-sink-cabinet-with-mirror-10511536.jpeg ,https:\/\/host.rentinpr.com\/wp-content\/uploads\/2025\/01\/black-wooden-sink-cabinet-with-mirror-10511536.jpeg 780w, https:\/\/host.rentinpr.com\/wp-content\/uploads\/2025\/01\/black-wooden-sink-cabinet-with-mirror-10511536.jpeg 360w\" sizes=\"auto, (max-width: 480px) 150px\" src=\"https:\/\/host.rentinpr.com\/wp-content\/uploads\/2025\/01\/black-wooden-sink-cabinet-with-mirror-10511536.jpeg\" alt=\"\" class=\"uag-image-219\" width=\"560\" height=\"450\" title=\"about-us-01\" role=\"img\"\/><\/figure><\/div>\n\n\n\n<div class=\"wp-block-uagb-info-box uagb-block-b0ae75bf uagb-infobox__content-wrap  uagb-infobox-icon-above-title uagb-infobox-image-valign-top\"><div class=\"uagb-ifb-content\"><div class=\"uagb-ifb-title-wrap\"><span class=\"uagb-ifb-title-prefix\">Nuestro viaje<\/span><h2 class=\"uagb-ifb-title\">La evoluci\u00f3n de la renta en Puerto Rico: redefiniendo la gesti\u00f3n de la propiedad en Puerto Rico<\/h2><\/div><p class=\"uagb-ifb-desc\"><br>Founded with the goal of making short-term rental management effortless for property owners, <strong>RentInPr.com<\/strong> has grown to become a trusted name in Puerto Rico. We\u2019ve revolutionized the way homeowners manage their properties, offering them the opportunity to earn more while doing less.<br>Through innovative strategies, cutting-edge tools, and an unwavering commitment to client satisfaction, we\u2019ve expanded our portfolio to over 500 properties. From the historic streets of Old San Juan to the serene beaches of Rincon, we have helped property owners turn their homes into thriving vacation rentals. At <strong>RentInPr.com<\/strong>, we\u2019re not just managing properties\u2014we\u2019re delivering success.<\/p><\/div><\/div>\n<\/div><\/div>\n\n\n\n<div class=\"wp-block-uagb-container uagb-block-e48afbb0 alignfull uagb-is-root-container\"><div class=\"uagb-container-inner-blocks-wrap\">\n<div class=\"wp-block-uagb-info-box uagb-block-c1c19ed1 uagb-infobox__content-wrap  uagb-infobox-icon-above-title uagb-infobox-image-valign-top\"><div class=\"uagb-ifb-content\"><div class=\"uagb-ifb-title-wrap\"><span class=\"uagb-ifb-title-prefix\">Take Action Now<\/span><h2 class=\"uagb-ifb-title\">Transform Your Property with Golden Palm<\/h2><\/div><p class=\"uagb-ifb-desc\">Contact us today to find out how we can maximize your rental income with our effortless management solutions.<\/p><div class=\"uagb-ifb-button-wrapper wp-block-button\"><a href=\"\/es\/contact\/\" class=\"uagb-infobox-cta-link wp-block-button__link\" target=\"_self\" rel=\"noopener noreferrer\" onclick=\"return true;\"><span class=\"uagb-inline-editing\">Empezar<\/span><\/a><\/div><\/div><\/div>\n<\/div><\/div>","protected":false},"excerpt":{"rendered":"<p>Transforming Rentals Your Partner in Short-Term Rental Success Who We Are Empowering Property Owners with Hassle-Free Management At RentInPr.com, we [&hellip;]<\/p>","protected":false},"author":3,"featured_media":0,"parent":0,"menu_order":0,"comment_status":"closed","ping_status":"closed","template":"","meta":{"_uag_custom_page_level_css":"","site-sidebar-layout":"default","site-content-layout":"","ast-site-content-layout":"default","site-content-style":"default","site-sidebar-style":"default","ast-global-header-display":"","ast-banner-title-visibility":"","ast-main-header-display":"","ast-hfb-above-header-display":"","ast-hfb-below-header-display":"","ast-hfb-mobile-header-display":"","site-post-title":"disabled","ast-breadcrumbs-content":"","ast-featured-img":"","footer-sml-layout":"","ast-disable-related-posts":"","theme-transparent-header-meta":"","adv-header-id-meta":"","stick-header-meta":"","header-above-stick-meta":"","header-main-stick-meta":"","header-below-stick-meta":"","astra-migrate-meta-layouts":"default","ast-page-background-enabled":"default","ast-page-background-meta":{"desktop":{"background-color":"var(--ast-global-color-4)","background-image":"","background-repeat":"repeat","background-position":"center center","background-size":"auto","background-attachment":"scroll","background-type":"","background-media":"","overlay-type":"","overlay-color":"","overlay-opacity":"","overlay-gradient":""},"tablet":{"background-color":"","background-image":"","background-repeat":"repeat","background-position":"center center","background-size":"auto","background-attachment":"scroll","background-type":"","background-media":"","overlay-type":"","overlay-color":"","overlay-opacity":"","overlay-gradient":""},"mobile":{"background-color":"","background-image":"","background-repeat":"repeat","background-position":"center center","background-size":"auto","background-attachment":"scroll","background-type":"","background-media":"","overlay-type":"","overlay-color":"","overlay-opacity":"","overlay-gradient":""}},"ast-content-background-meta":{"desktop":{"background-color":"var(--ast-global-color-5)","background-image":"","background-repeat":"repeat","background-position":"center center","background-size":"auto","background-attachment":"scroll","background-type":"","background-media":"","overlay-type":"","overlay-color":"","overlay-opacity":"","overlay-gradient":""},"tablet":{"background-color":"var(--ast-global-color-5)","background-image":"","background-repeat":"repeat","background-position":"center center","background-size":"auto","background-attachment":"scroll","background-type":"","background-media":"","overlay-type":"","overlay-color":"","overlay-opacity":"","overlay-gradient":""},"mobile":{"background-color":"var(--ast-global-color-5)","background-image":"","background-repeat":"repeat","background-position":"center center","background-size":"auto","background-attachment":"scroll","background-type":"","background-media":"","overlay-type":"","overlay-color":"","overlay-opacity":"","overlay-gradient":""}},"footnotes":""},"class_list":["post-32","page","type-page","status-publish","hentry"],"uagb_featured_image_src":{"full":false,"thumbnail":false,"medium":false,"medium_large":false,"large":false,"1536x1536":false,"2048x2048":false,"trp-custom-language-flag":false},"uagb_author_info":{"display_name":"Host Rent In PR","author_link":"https:\/\/host.rentinpr.com\/es\/author\/zze1kg6ffo9p\/"},"uagb_comment_info":0,"uagb_excerpt":"Transforming Rentals Your Partner in Short-Term Rental Success Who We Are Empowering Property Owners with Hassle-Free Management At RentInPr.com, we [&hellip;]","_links":{"self":[{"href":"https:\/\/host.rentinpr.com\/es\/wp-json\/wp\/v2\/pages\/32","targetHints":{"allow":["GET"]}}],"collection":[{"href":"https:\/\/host.rentinpr.com\/es\/wp-json\/wp\/v2\/pages"}],"about":[{"href":"https:\/\/host.rentinpr.com\/es\/wp-json\/wp\/v2\/types\/page"}],"author":[{"embeddable":true,"href":"https:\/\/host.rentinpr.com\/es\/wp-json\/wp\/v2\/users\/3"}],"replies":[{"embeddable":true,"href":"https:\/\/host.rentinpr.com\/es\/wp-json\/wp\/v2\/comments?post=32"}],"version-history":[{"count":3,"href":"https:\/\/host.rentinpr.com\/es\/wp-json\/wp\/v2\/pages\/32\/revisions"}],"predecessor-version":[{"id":271,"href":"https:\/\/host.rentinpr.com\/es\/wp-json\/wp\/v2\/pages\/32\/revisions\/271"}],"wp:attachment":[{"href":"https:\/\/host.rentinpr.com\/es\/wp-json\/wp\/v2\/media?parent=32"}],"curies":[{"name":"wp","href":"https:\/\/api.w.org\/{rel}","templated":true}]}}