{"id":33,"date":"2025-01-16T23:42:22","date_gmt":"2025-01-16T23:42:22","guid":{"rendered":"https:\/\/multipurpose37.ziptemplates.top\/?page_id=33"},"modified":"2025-01-30T02:37:04","modified_gmt":"2025-01-30T02:37:04","slug":"services","status":"publish","type":"page","link":"https:\/\/host.rentinpr.com\/es\/services\/","title":{"rendered":"Servicios"},"content":{"rendered":"<div class=\"wp-block-uagb-container uagb-block-cd2bf25d alignfull uagb-is-root-container\"><div class=\"uagb-container-inner-blocks-wrap\">\n<div class=\"wp-block-uagb-advanced-heading uagb-block-26b518ac\"><p class=\"uagb-desc-text\">Transforma tu propiedad<\/p><h1 class=\"uagb-heading-text\">Gesti\u00f3n sin esfuerzo para alquileres de corta duraci\u00f3n<\/h1><\/div>\n\n\n\n<p class=\"has-text-align-center has-medium-font-size\"><br><strong>Gesti\u00f3n experta para m\u00e1xima rentabilidad<\/strong><br>Nuestros servicios<\/p>\n<\/div><\/div>\n\n\n\n<div class=\"wp-block-uagb-container uagb-block-bfbde338 alignfull uagb-is-root-container\"><div class=\"uagb-container-inner-blocks-wrap\">\n<div class=\"wp-block-uagb-container uagb-layout-grid uagb-block-7b2f38d6\">\n<div class=\"wp-block-uagb-image uagb-block-31236d45 wp-block-uagb-image--layout-default wp-block-uagb-image--effect-static wp-block-uagb-image--align-none\"><figure class=\"wp-block-uagb-image__figure\"><img loading=\"lazy\" decoding=\"async\" srcset=\"https:\/\/host.rentinpr.com\/wp-content\/uploads\/2025\/01\/g9fd82fd3c8a44bc9bb03467ce8a37dc535ed66534612faaa00dffa259ec0d31cc3e514b84eb94f4075aba1acce6352a3c244e1567dbd1725d0f0005c74893099_1280-8297678-1024x854.jpg ,https:\/\/host.rentinpr.com\/wp-content\/uploads\/2025\/01\/g9fd82fd3c8a44bc9bb03467ce8a37dc535ed66534612faaa00dffa259ec0d31cc3e514b84eb94f4075aba1acce6352a3c244e1567dbd1725d0f0005c74893099_1280-8297678.jpg 780w, https:\/\/host.rentinpr.com\/wp-content\/uploads\/2025\/01\/g9fd82fd3c8a44bc9bb03467ce8a37dc535ed66534612faaa00dffa259ec0d31cc3e514b84eb94f4075aba1acce6352a3c244e1567dbd1725d0f0005c74893099_1280-8297678.jpg 360w\" sizes=\"auto, (max-width: 480px) 150px\" src=\"https:\/\/host.rentinpr.com\/wp-content\/uploads\/2025\/01\/g9fd82fd3c8a44bc9bb03467ce8a37dc535ed66534612faaa00dffa259ec0d31cc3e514b84eb94f4075aba1acce6352a3c244e1567dbd1725d0f0005c74893099_1280-8297678-1024x854.jpg\" alt=\"kitchen, house, interior, table, furniture, chair, sunlight, residence, property, kitchen, residence, property, property, property, property, property\" class=\"uag-image-276\" width=\"430\" height=\"400\" title=\"g9fd82fd3c8a44bc9bb03467ce8a37dc535ed66534612faaa00dffa259ec0d31cc3e514b84eb94f4075aba1acce6352a3c244e1567dbd1725d0f0005c74893099_1280-8297678\" role=\"img\"\/><\/figure><\/div>\n\n\n\n<div class=\"wp-block-uagb-container uagb-block-928a747a\">\n<div class=\"wp-block-uagb-info-box uagb-block-5cee2c08 uagb-infobox__content-wrap  uagb-infobox-icon-above-title uagb-infobox-image-valign-top\"><div class=\"uagb-ifb-content\"><div class=\"uagb-ifb-title-wrap\"><h2 class=\"uagb-ifb-title-prefix\">01<\/h2><h3 class=\"uagb-ifb-title\">Gesti\u00f3n integral de propiedades<\/h3><\/div><p class=\"uagb-ifb-desc\">Nuestro servicio de gesti\u00f3n de propiedades de principio a fin se encarga de todo, desde la incorporaci\u00f3n hasta las operaciones diarias. Nos encargamos de la comunicaci\u00f3n con los hu\u00e9spedes, la limpieza, el mantenimiento y el seguimiento del rendimiento, lo que garantiza que su alquiler se desarrolle sin problemas. Con precios din\u00e1micos y asistencia las 24 horas, los 7 d\u00edas de la semana, maximizamos sus ingresos mientras usted disfruta de una propiedad sin estr\u00e9s.<\/p><\/div><\/div>\n<\/div>\n<\/div>\n\n\n\n<div class=\"wp-block-uagb-container uagb-layout-grid uagb-block-24328522\">\n<div class=\"wp-block-uagb-container uagb-block-a52d84c5\">\n<div class=\"wp-block-uagb-info-box uagb-block-7c50d344 uagb-infobox__content-wrap  uagb-infobox-icon-above-title uagb-infobox-image-valign-top\"><div class=\"uagb-ifb-content\"><div class=\"uagb-ifb-title-wrap\"><h2 class=\"uagb-ifb-title-prefix\">02<\/h2><h3 class=\"uagb-ifb-title\">Evaluaci\u00f3n de propiedad personalizada<\/h3><\/div><p class=\"uagb-ifb-desc\">Evaluamos su propiedad para descubrir todo su potencial. Nuestro equipo identifica caracter\u00edsticas \u00fanicas y brinda recomendaciones pr\u00e1cticas para aumentar el atractivo, optimizar los anuncios y mejorar la satisfacci\u00f3n de los hu\u00e9spedes. Ya sea que se trate de actualizaciones de dise\u00f1o o estrategias de precios, nos aseguramos de que su propiedad se destaque en Airbnb, Vrbo, Booking.com y m\u00e1s.<\/p><\/div><\/div>\n<\/div>\n\n\n\n<div class=\"wp-block-uagb-image uagb-block-fd50ef9c wp-block-uagb-image--layout-default wp-block-uagb-image--effect-static wp-block-uagb-image--align-none\"><figure class=\"wp-block-uagb-image__figure\"><img loading=\"lazy\" decoding=\"async\" srcset=\"https:\/\/host.rentinpr.com\/wp-content\/uploads\/2025\/01\/real-estate-agent-showing-a-blueprint-to-a-couple-7641867-683x1024.jpeg ,https:\/\/host.rentinpr.com\/wp-content\/uploads\/2025\/01\/real-estate-agent-showing-a-blueprint-to-a-couple-7641867.jpeg 780w, https:\/\/host.rentinpr.com\/wp-content\/uploads\/2025\/01\/real-estate-agent-showing-a-blueprint-to-a-couple-7641867.jpeg 360w\" sizes=\"auto, (max-width: 480px) 150px\" src=\"https:\/\/host.rentinpr.com\/wp-content\/uploads\/2025\/01\/real-estate-agent-showing-a-blueprint-to-a-couple-7641867-683x1024.jpeg\" alt=\"Couple discussing a blueprint with a real estate agent, planning their new home purchase.\" class=\"uag-image-211\" width=\"430\" height=\"400\" title=\"real-estate-agent-showing-a-blueprint-to-a-couple-7641867\" role=\"img\"\/><\/figure><\/div>\n<\/div>\n\n\n\n<div class=\"wp-block-uagb-container uagb-layout-grid uagb-block-b1152c5b\">\n<div class=\"wp-block-uagb-image uagb-block-fa1428a5 wp-block-uagb-image--layout-default wp-block-uagb-image--effect-static wp-block-uagb-image--align-none\"><figure class=\"wp-block-uagb-image__figure\"><img loading=\"lazy\" decoding=\"async\" srcset=\"https:\/\/host.rentinpr.com\/wp-content\/uploads\/2025\/01\/home-living-room-kitchen-interior-27390284-1024x683.jpeg ,https:\/\/host.rentinpr.com\/wp-content\/uploads\/2025\/01\/home-living-room-kitchen-interior-27390284.jpeg 780w, https:\/\/host.rentinpr.com\/wp-content\/uploads\/2025\/01\/home-living-room-kitchen-interior-27390284.jpeg 360w\" sizes=\"auto, (max-width: 480px) 150px\" src=\"https:\/\/host.rentinpr.com\/wp-content\/uploads\/2025\/01\/home-living-room-kitchen-interior-27390284-1024x683.jpeg\" alt=\"Sleek kitchen featuring smart tech and minimalist design, perfect for modern homes.\" class=\"uag-image-228\" width=\"430\" height=\"400\" title=\"home-living-room-kitchen-interior-27390284\" role=\"img\"\/><\/figure><\/div>\n\n\n\n<div class=\"wp-block-uagb-container uagb-block-ac38472a\">\n<div class=\"wp-block-uagb-info-box uagb-block-7266dcd1 uagb-infobox__content-wrap  uagb-infobox-icon-above-title uagb-infobox-image-valign-top\"><div class=\"uagb-ifb-content\"><div class=\"uagb-ifb-title-wrap\"><h2 class=\"uagb-ifb-title-prefix\">03<\/h2><h3 class=\"uagb-ifb-title\">Marketing y fotograf\u00eda profesional<\/h3><\/div><p class=\"uagb-ifb-desc\">Las primeras impresiones importan y nosotros hacemos que la suya sea inolvidable. Nuestras fotograf\u00edas de alta calidad y descripciones elaboradas por expertos resaltan las mejores caracter\u00edsticas de su propiedad, lo que atrae m\u00e1s reservas. Combinadas con marketing estrat\u00e9gico en todas las plataformas, garantizamos que su anuncio alcance la m\u00e1xima visibilidad.<\/p><\/div><\/div>\n<\/div>\n<\/div>\n\n\n\n<div class=\"wp-block-uagb-container uagb-layout-grid uagb-block-053eb305\">\n<div class=\"wp-block-uagb-container uagb-block-8abd9bda\">\n<div class=\"wp-block-uagb-info-box uagb-block-094b2059 uagb-infobox__content-wrap  uagb-infobox-icon-above-title uagb-infobox-image-valign-top\"><div class=\"uagb-ifb-content\"><div class=\"uagb-ifb-title-wrap\"><h2 class=\"uagb-ifb-title-prefix\">04<\/h2><h3 class=\"uagb-ifb-title\">Estrategias de precios avanzadas<\/h3><\/div><p class=\"uagb-ifb-desc\">Mediante el uso de an\u00e1lisis basados \u200b\u200ben datos, desarrollamos estrategias de precios din\u00e1micos adaptados a las tendencias del mercado y la demanda estacional. Al realizar un seguimiento de los precios, eventos y patrones de reserva de la competencia, nos aseguramos de que su propiedad obtenga los mayores ingresos posibles sin sacrificar la ocupaci\u00f3n.<\/p><\/div><\/div>\n<\/div>\n\n\n\n<div class=\"wp-block-uagb-image uagb-block-e829ce47 wp-block-uagb-image--layout-default wp-block-uagb-image--effect-static wp-block-uagb-image--align-none\"><figure class=\"wp-block-uagb-image__figure\"><img loading=\"lazy\" decoding=\"async\" srcset=\"https:\/\/host.rentinpr.com\/wp-content\/uploads\/2025\/01\/white-bed-near-windows-7745932.jpeg ,https:\/\/host.rentinpr.com\/wp-content\/uploads\/2025\/01\/white-bed-near-windows-7745932.jpeg 780w, https:\/\/host.rentinpr.com\/wp-content\/uploads\/2025\/01\/white-bed-near-windows-7745932.jpeg 360w\" sizes=\"auto, (max-width: 480px) 150px\" src=\"https:\/\/host.rentinpr.com\/wp-content\/uploads\/2025\/01\/white-bed-near-windows-7745932.jpeg\" alt=\"\" class=\"uag-image-241\" width=\"430\" height=\"400\" title=\"services-04\" role=\"img\"\/><\/figure><\/div>\n<\/div>\n\n\n\n<div class=\"wp-block-uagb-container uagb-layout-grid uagb-block-39fdd9cb\">\n<div class=\"wp-block-uagb-image uagb-block-4f0393ca wp-block-uagb-image--layout-default wp-block-uagb-image--effect-static wp-block-uagb-image--align-none\"><figure class=\"wp-block-uagb-image__figure\"><img loading=\"lazy\" decoding=\"async\" srcset=\"https:\/\/host.rentinpr.com\/wp-content\/uploads\/2025\/01\/brown-wooden-center-table-584399.jpeg ,https:\/\/host.rentinpr.com\/wp-content\/uploads\/2025\/01\/brown-wooden-center-table-584399.jpeg 780w, https:\/\/host.rentinpr.com\/wp-content\/uploads\/2025\/01\/brown-wooden-center-table-584399.jpeg 360w\" sizes=\"auto, (max-width: 480px) 150px\" src=\"https:\/\/host.rentinpr.com\/wp-content\/uploads\/2025\/01\/brown-wooden-center-table-584399.jpeg\" alt=\"\" class=\"uag-image-213\" width=\"430\" height=\"400\" title=\"services-03\" role=\"img\"\/><\/figure><\/div>\n\n\n\n<div class=\"wp-block-uagb-container uagb-block-241f92fd\">\n<div class=\"wp-block-uagb-info-box uagb-block-6aedda07 uagb-infobox__content-wrap  uagb-infobox-icon-above-title uagb-infobox-image-valign-top\"><div class=\"uagb-ifb-content\"><div class=\"uagb-ifb-title-wrap\"><h2 class=\"uagb-ifb-title-prefix\">05<\/h2><h3 class=\"uagb-ifb-title\">Gesti\u00f3n de la experiencia del hu\u00e9sped<\/h3><\/div><p class=\"uagb-ifb-desc\">Ofrecemos una experiencia de primera calidad para los hu\u00e9spedes al gestionar todas las comunicaciones, solicitudes especiales y resoluci\u00f3n de problemas. Nuestro servicio de asistencia las 24 horas, los 7 d\u00edas de la semana, garantiza que los hu\u00e9spedes se sientan atendidos, lo que genera mejores rese\u00f1as, reservas repetidas y mayores ganancias.<\/p><\/div><\/div>\n<\/div>\n<\/div>\n\n\n\n<div class=\"wp-block-uagb-container uagb-layout-grid uagb-block-9ed699fa\">\n<div class=\"wp-block-uagb-container uagb-block-3d43a435\">\n<div class=\"wp-block-uagb-info-box uagb-block-32ba837a uagb-infobox__content-wrap  uagb-infobox-icon-above-title uagb-infobox-image-valign-top\"><div class=\"uagb-ifb-content\"><div class=\"uagb-ifb-title-wrap\"><h2 class=\"uagb-ifb-title-prefix\">06<\/h2><h3 class=\"uagb-ifb-title\">Coordinaci\u00f3n de Mantenimiento y Limpieza<\/h3><\/div><p class=\"uagb-ifb-desc\">Nos aseguramos de que su propiedad est\u00e9 siempre lista para recibir hu\u00e9spedes con una limpieza de rutina y un mantenimiento oportuno. Nuestra red de confianza de profesionales se encarga de todo, desde reparaciones menores hasta reparaciones importantes, para mantener su propiedad en \u00f3ptimas condiciones durante todo el a\u00f1o.<\/p><\/div><\/div>\n<\/div>\n\n\n\n<div class=\"wp-block-uagb-image uagb-block-f745d89e wp-block-uagb-image--layout-default wp-block-uagb-image--effect-static wp-block-uagb-image--align-none\"><figure class=\"wp-block-uagb-image__figure\"><img loading=\"lazy\" decoding=\"async\" srcset=\"https:\/\/host.rentinpr.com\/wp-content\/uploads\/2025\/01\/g085e1f7b2729e7372b7d0020ebe889aa84b2f011d7e63093a7524a754a851cf08fd407a962b3aabc83e91e064d6f0790fd28bb6730d6d1b09059d91112df109c_1280-2799496-1024x682.jpg ,https:\/\/host.rentinpr.com\/wp-content\/uploads\/2025\/01\/g085e1f7b2729e7372b7d0020ebe889aa84b2f011d7e63093a7524a754a851cf08fd407a962b3aabc83e91e064d6f0790fd28bb6730d6d1b09059d91112df109c_1280-2799496.jpg 780w, https:\/\/host.rentinpr.com\/wp-content\/uploads\/2025\/01\/g085e1f7b2729e7372b7d0020ebe889aa84b2f011d7e63093a7524a754a851cf08fd407a962b3aabc83e91e064d6f0790fd28bb6730d6d1b09059d91112df109c_1280-2799496.jpg 360w\" sizes=\"auto, (max-width: 480px) 150px\" src=\"https:\/\/host.rentinpr.com\/wp-content\/uploads\/2025\/01\/g085e1f7b2729e7372b7d0020ebe889aa84b2f011d7e63093a7524a754a851cf08fd407a962b3aabc83e91e064d6f0790fd28bb6730d6d1b09059d91112df109c_1280-2799496-1024x682.jpg\" alt=\"cleanliness, maid, maintains, cleaning, housework, brush, sponge, bath, washbasin, napkin, maid, cleaning, cleaning, cleaning, cleaning, cleaning\" class=\"uag-image-275\" width=\"430\" height=\"400\" title=\"g085e1f7b2729e7372b7d0020ebe889aa84b2f011d7e63093a7524a754a851cf08fd407a962b3aabc83e91e064d6f0790fd28bb6730d6d1b09059d91112df109c_1280-2799496\" role=\"img\"\/><\/figure><\/div>\n<\/div>\n<\/div><\/div>\n\n\n\n<div class=\"wp-block-uagb-container uagb-block-3ec55aa1 alignfull uagb-is-root-container\"><div class=\"uagb-container-inner-blocks-wrap\">\n<div class=\"wp-block-uagb-advanced-heading uagb-block-6c99ecb0\"><p class=\"uagb-desc-text\">Sencillo y sin costuras<\/p><h2 class=\"uagb-heading-text\">C\u00f3mo funciona nuestro proceso para usted<\/h2><\/div>\n\n\n\n<div class=\"wp-block-uagb-container uagb-layout-grid uagb-block-029f1971\">\n<div class=\"wp-block-uagb-image alignleft uagb-block-722b2568 wp-block-uagb-image--layout-default wp-block-uagb-image--effect-static wp-block-uagb-image--align-left\"><figure class=\"wp-block-uagb-image__figure\"><img loading=\"lazy\" decoding=\"async\" srcset=\"https:\/\/host.rentinpr.com\/wp-content\/uploads\/2025\/01\/cozy-interior-with-coffee-jars-and-vintage-speaker-29559660-1024x682.jpeg ,https:\/\/host.rentinpr.com\/wp-content\/uploads\/2025\/01\/cozy-interior-with-coffee-jars-and-vintage-speaker-29559660.jpeg 780w, https:\/\/host.rentinpr.com\/wp-content\/uploads\/2025\/01\/cozy-interior-with-coffee-jars-and-vintage-speaker-29559660.jpeg 360w\" sizes=\"auto, (max-width: 480px) 150px\" src=\"https:\/\/host.rentinpr.com\/wp-content\/uploads\/2025\/01\/cozy-interior-with-coffee-jars-and-vintage-speaker-29559660-1024x682.jpeg\" alt=\"Aesthetic indoor setup with coffee jars, potted plant, and retro speaker.\" class=\"uag-image-226\" width=\"550\" height=\"575\" title=\"cozy-interior-with-coffee-jars-and-vintage-speaker-29559660\" role=\"img\"\/><\/figure><\/div>\n\n\n\n<div class=\"wp-block-uagb-container uagb-block-c74537da\">\n<div class=\"wp-block-uagb-info-box uagb-block-b0ae75bf uagb-infobox__content-wrap  uagb-infobox-icon-above-title uagb-infobox-image-valign-top\"><div class=\"uagb-ifb-content\"><div class=\"uagb-ifb-title-wrap\"><span class=\"uagb-ifb-title-prefix\">Step 01<\/span><h3 class=\"uagb-ifb-title\">La incorporaci\u00f3n es sencilla<\/h3><\/div><p class=\"uagb-ifb-desc\">Lo guiamos a trav\u00e9s de un proceso de incorporaci\u00f3n simple para que su propiedad est\u00e9 lista para alquilar. Desde los controles de cumplimiento hasta la configuraci\u00f3n de la cuenta, nos encargamos de todos los detalles iniciales.<\/p><div class=\"uagb-ifb-separator\"><\/div><\/div><\/div>\n\n\n\n<div class=\"wp-block-uagb-info-box uagb-block-413a2fe7 uagb-infobox__content-wrap  uagb-infobox-icon-above-title uagb-infobox-image-valign-top\"><div class=\"uagb-ifb-content\"><div class=\"uagb-ifb-title-wrap\"><span class=\"uagb-ifb-title-prefix\">Step 02<\/span><h3 class=\"uagb-ifb-title\">Listados impresionantes<\/h3><\/div><p class=\"uagb-ifb-desc\">Tu propiedad es fotografiada profesionalmente y se crea un anuncio cautivador. Lo publicamos en las principales plataformas como Airbnb, Vrbo y Booking.com, optimizado para atraer la mayor cantidad de reservas.<\/p><div class=\"uagb-ifb-separator\"><\/div><\/div><\/div>\n\n\n\n<div class=\"wp-block-uagb-info-box uagb-block-459491ac uagb-infobox__content-wrap  uagb-infobox-icon-above-title uagb-infobox-image-valign-top\"><div class=\"uagb-ifb-content\"><div class=\"uagb-ifb-title-wrap\"><span class=\"uagb-ifb-title-prefix\">Step 03<\/span><h3 class=\"uagb-ifb-title\">Gesti\u00f3n diaria<\/h3><\/div><p class=\"uagb-ifb-desc\">Rel\u00e1jese y si\u00e9ntese mientras nosotros nos encargamos de todo: la comunicaci\u00f3n con los hu\u00e9spedes, la limpieza, los precios e incluso el mantenimiento. Monitoreamos el rendimiento de su propiedad para garantizar ingresos constantes y una propiedad sin estr\u00e9s.<\/p><\/div><\/div>\n<\/div>\n<\/div>\n<\/div><\/div>\n\n\n\n<div class=\"wp-block-uagb-container uagb-block-e48afbb0 alignfull uagb-is-root-container\"><div class=\"uagb-container-inner-blocks-wrap\">\n<div class=\"wp-block-uagb-info-box uagb-block-c1c19ed1 uagb-infobox__content-wrap  uagb-infobox-icon-above-title uagb-infobox-image-valign-top\"><div class=\"uagb-ifb-content\"><div class=\"uagb-ifb-title-wrap\"><span class=\"uagb-ifb-title-prefix\">Take Action Now<\/span><h2 class=\"uagb-ifb-title\">Transform Your Property with Golden Palm<\/h2><\/div><p class=\"uagb-ifb-desc\">Contact us today to find out how we can maximize your rental income with our effortless management solutions.<\/p><div class=\"uagb-ifb-button-wrapper wp-block-button\"><a href=\"\/es\/contact\/\" class=\"uagb-infobox-cta-link wp-block-button__link\" target=\"_self\" rel=\"noopener noreferrer\" onclick=\"return true;\"><span class=\"uagb-inline-editing\">Empezar<\/span><\/a><\/div><\/div><\/div>\n<\/div><\/div>","protected":false},"excerpt":{"rendered":"<p>Transform Your Property Effortless Management for Short-Term Rentals Expert Management for Maximum ProfitabilityOur Services Simple and Seamless How Our Process [&hellip;]<\/p>","protected":false},"author":3,"featured_media":0,"parent":0,"menu_order":0,"comment_status":"closed","ping_status":"closed","template":"","meta":{"_uag_custom_page_level_css":"","site-sidebar-layout":"default","site-content-layout":"","ast-site-content-layout":"default","site-content-style":"default","site-sidebar-style":"default","ast-global-header-display":"","ast-banner-title-visibility":"","ast-main-header-display":"","ast-hfb-above-header-display":"","ast-hfb-below-header-display":"","ast-hfb-mobile-header-display":"","site-post-title":"disabled","ast-breadcrumbs-content":"","ast-featured-img":"","footer-sml-layout":"","ast-disable-related-posts":"","theme-transparent-header-meta":"","adv-header-id-meta":"","stick-header-meta":"","header-above-stick-meta":"","header-main-stick-meta":"","header-below-stick-meta":"","astra-migrate-meta-layouts":"default","ast-page-background-enabled":"default","ast-page-background-meta":{"desktop":{"background-color":"var(--ast-global-color-4)","background-image":"","background-repeat":"repeat","background-position":"center center","background-size":"auto","background-attachment":"scroll","background-type":"","background-media":"","overlay-type":"","overlay-color":"","overlay-opacity":"","overlay-gradient":""},"tablet":{"background-color":"","background-image":"","background-repeat":"repeat","background-position":"center center","background-size":"auto","background-attachment":"scroll","background-type":"","background-media":"","overlay-type":"","overlay-color":"","overlay-opacity":"","overlay-gradient":""},"mobile":{"background-color":"","background-image":"","background-repeat":"repeat","background-position":"center center","background-size":"auto","background-attachment":"scroll","background-type":"","background-media":"","overlay-type":"","overlay-color":"","overlay-opacity":"","overlay-gradient":""}},"ast-content-background-meta":{"desktop":{"background-color":"var(--ast-global-color-5)","background-image":"","background-repeat":"repeat","background-position":"center center","background-size":"auto","background-attachment":"scroll","background-type":"","background-media":"","overlay-type":"","overlay-color":"","overlay-opacity":"","overlay-gradient":""},"tablet":{"background-color":"var(--ast-global-color-5)","background-image":"","background-repeat":"repeat","background-position":"center center","background-size":"auto","background-attachment":"scroll","background-type":"","background-media":"","overlay-type":"","overlay-color":"","overlay-opacity":"","overlay-gradient":""},"mobile":{"background-color":"var(--ast-global-color-5)","background-image":"","background-repeat":"repeat","background-position":"center center","background-size":"auto","background-attachment":"scroll","background-type":"","background-media":"","overlay-type":"","overlay-color":"","overlay-opacity":"","overlay-gradient":""}},"footnotes":""},"class_list":["post-33","page","type-page","status-publish","hentry"],"uagb_featured_image_src":{"full":false,"thumbnail":false,"medium":false,"medium_large":false,"large":false,"1536x1536":false,"2048x2048":false,"trp-custom-language-flag":false},"uagb_author_info":{"display_name":"Host Rent In PR","author_link":"https:\/\/host.rentinpr.com\/es\/author\/zze1kg6ffo9p\/"},"uagb_comment_info":0,"uagb_excerpt":"Transform Your Property Effortless Management for Short-Term Rentals Expert Management for Maximum ProfitabilityOur Services Simple and Seamless How Our Process [&hellip;]","_links":{"self":[{"href":"https:\/\/host.rentinpr.com\/es\/wp-json\/wp\/v2\/pages\/33","targetHints":{"allow":["GET"]}}],"collection":[{"href":"https:\/\/host.rentinpr.com\/es\/wp-json\/wp\/v2\/pages"}],"about":[{"href":"https:\/\/host.rentinpr.com\/es\/wp-json\/wp\/v2\/types\/page"}],"author":[{"embeddable":true,"href":"https:\/\/host.rentinpr.com\/es\/wp-json\/wp\/v2\/users\/3"}],"replies":[{"embeddable":true,"href":"https:\/\/host.rentinpr.com\/es\/wp-json\/wp\/v2\/comments?post=33"}],"version-history":[{"count":4,"href":"https:\/\/host.rentinpr.com\/es\/wp-json\/wp\/v2\/pages\/33\/revisions"}],"predecessor-version":[{"id":277,"href":"https:\/\/host.rentinpr.com\/es\/wp-json\/wp\/v2\/pages\/33\/revisions\/277"}],"wp:attachment":[{"href":"https:\/\/host.rentinpr.com\/es\/wp-json\/wp\/v2\/media?parent=33"}],"curies":[{"name":"wp","href":"https:\/\/api.w.org\/{rel}","templated":true}]}}